{"id":7387,"date":"2025-09-22T18:22:57","date_gmt":"2025-09-22T12:52:57","guid":{"rendered":"https:\/\/musicmaster.in\/store\/?post_type=product&#038;p=7387"},"modified":"2025-10-15T00:16:56","modified_gmt":"2025-10-14T18:46:56","slug":"trinity-singing-book-high-voice-grade-8","status":"publish","type":"product","link":"https:\/\/musicmaster.in\/store\/music-books\/trinity-singing-book-high-voice-grade-8\/","title":{"rendered":"Trinity Singing Book High voice Grade-8"},"content":{"rendered":"<p class=\"ai-optimize-15 ai-optimize-introduction\"><span class=\"a_GcMg font-feature-liga-off font-feature-clig-off font-feature-calt-off text-decoration-none text-strikethrough-none\">Vocals- Grade 8 (High Voice)<\/span><\/p>\n<ul>\n<li class=\"ai-optimize-16\"><span class=\"a_GcMg font-feature-liga-off font-feature-clig-off font-feature-calt-off text-decoration-none text-strikethrough-none\">Try Me (from She Loves Me),Bock<\/span><\/li>\n<li class=\"ai-optimize-17\"><span class=\"a_GcMg font-feature-liga-off font-feature-clig-off font-feature-calt-off text-decoration-none text-strikethrough-none\">Still Hurting (from The Last Five Years), Brown<\/span><\/li>\n<li class=\"ai-optimize-18\"><span class=\"a_GcMg font-feature-liga-off font-feature-clig-off font-feature-calt-off text-decoration-none text-strikethrough-none\">There&#8217;s a Fine, Fine Line (from Avenue Q), Lopez &amp; Marx<\/span><\/li>\n<li class=\"ai-optimize-19\"><span class=\"a_GcMg font-feature-liga-off font-feature-clig-off font-feature-calt-off text-decoration-none text-strikethrough-none\">So Big \/ So Small (from Dear Evan Hansen), Pasek &amp; Paul<\/span><\/li>\n<li class=\"ai-optimize-20\"><span class=\"a_GcMg font-feature-liga-off font-feature-clig-off font-feature-calt-off text-decoration-none text-strikethrough-none\">Flow, My Tears, Dowland<\/span><\/li>\n<li class=\"ai-optimize-21\"><span class=\"a_GcMg font-feature-liga-off font-feature-clig-off font-feature-calt-off text-decoration-none text-strikethrough-none\">This Little Rose, Jarman-Pinto<\/span><\/li>\n<li class=\"ai-optimize-22\"><span class=\"a_GcMg font-feature-liga-off font-feature-clig-off font-feature-calt-off text-decoration-none text-strikethrough-none\">Silent Noon (from Song Cycle The House of Life), Vaughan Williams<\/span><\/li>\n<li class=\"ai-optimize-23\"><span class=\"a_GcMg font-feature-liga-off font-feature-clig-off font-feature-calt-off text-decoration-none text-strikethrough-none\">Wildflower, Witter-Johnson<\/span><\/li>\n<li class=\"ai-optimize-24\"><span class=\"a_GcMg font-feature-liga-off font-feature-clig-off font-feature-calt-off text-decoration-none text-strikethrough-none\">Du bist die Ruh, op. 59 no. 3, Schubert<\/span><\/li>\n<li class=\"ai-optimize-25\"><span class=\"a_GcMg font-feature-liga-off font-feature-clig-off font-feature-calt-off text-decoration-none text-strikethrough-none\">Apr\u00e8s un r\u00eave, op. 7 no. 1, Faur\u00e9<\/span><\/li>\n<li class=\"ai-optimize-26\"><span class=\"a_GcMg font-feature-liga-off font-feature-clig-off font-feature-calt-off text-decoration-none text-strikethrough-none\">O del mio dolce ardor (from Paride ed Elena), Gluck<\/span><\/li>\n<li class=\"ai-optimize-27\"><span class=\"a_GcMg font-feature-liga-off font-feature-clig-off font-feature-calt-off text-decoration-none text-strikethrough-none\">Seguidilla murciana (from Song Cycle Siete canciones populares espa\u00f1olas), de Falla<\/span><\/li>\n<\/ul>\n<p class=\"cvGsUA direction-ltr align-start para-style-body ai-optimize-28\"><span class=\"a_GcMg font-feature-liga-off font-feature-clig-off font-feature-calt-off text-decoration-none text-strikethrough-none\">Grade 8 (High Voice)\u2013 Details<\/span><\/p>\n<ul>\n<li class=\"ai-optimize-29\"><span class=\"a_GcMg font-feature-liga-off font-feature-clig-off font-feature-calt-off text-decoration-none text-strikethrough-none\">ISBN: 978-1-80490-285-1<\/span><\/li>\n<li class=\"ai-optimize-30\"><span class=\"a_GcMg font-feature-liga-off font-feature-clig-off font-feature-calt-off text-decoration-none text-strikethrough-none\">Product code: TCL031693e<\/span><\/li>\n<li class=\"ai-optimize-31\"><span class=\"a_GcMg font-feature-liga-off font-feature-clig-off font-feature-calt-off text-decoration-none text-strikethrough-none\">Publication-Date: 2023-03-01<\/span><\/li>\n<li class=\"ai-optimize-32\"><span class=\"a_GcMg font-feature-liga-off font-feature-clig-off font-feature-calt-off text-decoration-none text-strikethrough-none\">Width: 210<\/span><\/li>\n<li class=\"ai-optimize-33\"><span class=\"a_GcMg font-feature-liga-off font-feature-clig-off font-feature-calt-off text-decoration-none text-strikethrough-none\">Height: 297<\/span><\/li>\n<li class=\"ai-optimize-34\"><span class=\"a_GcMg font-feature-liga-off font-feature-clig-off font-feature-calt-off text-decoration-none text-strikethrough-none\">Pages: 93<\/span><\/li>\n<\/ul>\n","protected":false},"excerpt":{"rendered":"<p><span class=\"a_GcMg font-feature-liga-off font-feature-clig-off font-feature-calt-off text-decoration-none text-strikethrough-none\">Vocals- Grade 8 (High Voice)<\/span><\/p>\n<p class=\"cvGsUA direction-ltr align-start para-style-body\"><span class=\"a_GcMg font-feature-liga-off font-feature-clig-off font-feature-calt-off text-decoration-none text-strikethrough-none\">The Grade 8 (High Voice) Vocals book contains the syllabus for a candidate to prepare for the performance and technical work components. The performance pieces cover a wide range, from Western favorites to themes you\u2019ll recognize from TV and films.<\/span><\/p>\n<ul>\n<li><span class=\"a_GcMg font-feature-liga-off font-feature-clig-off font-feature-calt-off text-decoration-none text-strikethrough-none\">Twelve performance pieces from which candidates can choose any three pieces for their grade exams.<\/span><\/li>\n<li><span class=\"a_GcMg font-feature-liga-off font-feature-clig-off font-feature-calt-off text-decoration-none text-strikethrough-none\">Two sections of technical work \u2013 Section 1 and Section 2 from which candidates can perform any one section.<\/span><\/li>\n<li><span class=\"a_GcMg font-feature-liga-off font-feature-clig-off font-feature-calt-off text-decoration-none text-strikethrough-none\">Code to access audio download demo recordings from the Trinity College website in the inside back cover of the book.<\/span><\/li>\n<\/ul>\n","protected":false},"featured_media":7388,"comment_status":"open","ping_status":"closed","template":"","meta":{"_acf_changed":false,"site-sidebar-layout":"default","site-content-layout":"","ast-site-content-layout":"default","site-content-style":"default","site-sidebar-style":"default","ast-global-header-display":"","ast-banner-title-visibility":"","ast-main-header-display":"","ast-hfb-above-header-display":"","ast-hfb-below-header-display":"","ast-hfb-mobile-header-display":"","site-post-title":"","ast-breadcrumbs-content":"","ast-featured-img":"","footer-sml-layout":"","ast-disable-related-posts":"","theme-transparent-header-meta":"default","adv-header-id-meta":"","stick-header-meta":"default","header-above-stick-meta":"","header-main-stick-meta":"","header-below-stick-meta":"","astra-migrate-meta-layouts":"set","ast-page-background-enabled":"default","ast-page-background-meta":{"desktop":{"background-color":"var(--ast-global-color-4)","background-image":"","background-repeat":"repeat","background-position":"center center","background-size":"auto","background-attachment":"scroll","background-type":"","background-media":"","overlay-type":"","overlay-color":"","overlay-opacity":"","overlay-gradient":""},"tablet":{"background-color":"","background-image":"","background-repeat":"repeat","background-position":"center center","background-size":"auto","background-attachment":"scroll","background-type":"","background-media":"","overlay-type":"","overlay-color":"","overlay-opacity":"","overlay-gradient":""},"mobile":{"background-color":"","background-image":"","background-repeat":"repeat","background-position":"center center","background-size":"auto","background-attachment":"scroll","background-type":"","background-media":"","overlay-type":"","overlay-color":"","overlay-opacity":"","overlay-gradient":""}},"ast-content-background-meta":{"desktop":{"background-color":"var(--ast-global-color-5)","background-image":"","background-repeat":"repeat","background-position":"center center","background-size":"auto","background-attachment":"scroll","background-type":"","background-media":"","overlay-type":"","overlay-color":"","overlay-opacity":"","overlay-gradient":""},"tablet":{"background-color":"var(--ast-global-color-5)","background-image":"","background-repeat":"repeat","background-position":"center center","background-size":"auto","background-attachment":"scroll","background-type":"","background-media":"","overlay-type":"","overlay-color":"","overlay-opacity":"","overlay-gradient":""},"mobile":{"background-color":"var(--ast-global-color-5)","background-image":"","background-repeat":"repeat","background-position":"center center","background-size":"auto","background-attachment":"scroll","background-type":"","background-media":"","overlay-type":"","overlay-color":"","overlay-opacity":"","overlay-gradient":""}}},"product_brand":[],"product_cat":[77],"product_tag":[],"class_list":{"0":"post-7387","1":"product","2":"type-product","3":"status-publish","4":"has-post-thumbnail","6":"product_cat-music-books","7":"desktop-align-center","8":"tablet-align-left","9":"mobile-align-left","10":"ast-product-gallery-layout-horizontal-slider","11":"ast-product-gallery-with-no-image","12":"ast-product-tabs-layout-horizontal","14":"first","15":"instock","16":"sale","17":"taxable","18":"shipping-taxable","19":"purchasable","20":"product-type-simple"},"acf":[],"mm_faq_items":[],"_links":{"self":[{"href":"https:\/\/musicmaster.in\/store\/wp-json\/wp\/v2\/product\/7387","targetHints":{"allow":["GET"]}}],"collection":[{"href":"https:\/\/musicmaster.in\/store\/wp-json\/wp\/v2\/product"}],"about":[{"href":"https:\/\/musicmaster.in\/store\/wp-json\/wp\/v2\/types\/product"}],"replies":[{"embeddable":true,"href":"https:\/\/musicmaster.in\/store\/wp-json\/wp\/v2\/comments?post=7387"}],"version-history":[{"count":3,"href":"https:\/\/musicmaster.in\/store\/wp-json\/wp\/v2\/product\/7387\/revisions"}],"predecessor-version":[{"id":7504,"href":"https:\/\/musicmaster.in\/store\/wp-json\/wp\/v2\/product\/7387\/revisions\/7504"}],"wp:featuredmedia":[{"embeddable":true,"href":"https:\/\/musicmaster.in\/store\/wp-json\/wp\/v2\/media\/7388"}],"wp:attachment":[{"href":"https:\/\/musicmaster.in\/store\/wp-json\/wp\/v2\/media?parent=7387"}],"wp:term":[{"taxonomy":"product_brand","embeddable":true,"href":"https:\/\/musicmaster.in\/store\/wp-json\/wp\/v2\/product_brand?post=7387"},{"taxonomy":"product_cat","embeddable":true,"href":"https:\/\/musicmaster.in\/store\/wp-json\/wp\/v2\/product_cat?post=7387"},{"taxonomy":"product_tag","embeddable":true,"href":"https:\/\/musicmaster.in\/store\/wp-json\/wp\/v2\/product_tag?post=7387"}],"curies":[{"name":"wp","href":"https:\/\/api.w.org\/{rel}","templated":true}]}}